{"id":2221,"date":"2026-02-18T13:43:41","date_gmt":"2026-02-18T12:43:41","guid":{"rendered":"https:\/\/opticacremades.com\/es\/?page_id=2221"},"modified":"2026-02-18T13:49:32","modified_gmt":"2026-02-18T12:49:32","slug":"plan-veo","status":"publish","type":"page","link":"https:\/\/opticacremades.com\/es\/plan-veo\/","title":{"rendered":"Plan VEO"},"content":{"rendered":"<p data-start=\"0\" data-end=\"216\"><img loading=\"lazy\" decoding=\"async\" class=\"aligncenter wp-image-2226 size-full\" src=\"https:\/\/opticacremades.com\/wp-content\/uploads\/2026\/02\/M4-Banner-970x250-2-1.png\" alt=\"\" width=\"777\" height=\"251\" srcset=\"https:\/\/opticacremades.com\/wp-content\/uploads\/2026\/02\/M4-Banner-970x250-2-1.png 777w, https:\/\/opticacremades.com\/wp-content\/uploads\/2026\/02\/M4-Banner-970x250-2-1-300x97.png 300w, https:\/\/opticacremades.com\/wp-content\/uploads\/2026\/02\/M4-Banner-970x250-2-1-768x248.png 768w, https:\/\/opticacremades.com\/wp-content\/uploads\/2026\/02\/M4-Banner-970x250-2-1-700x226.png 700w\" sizes=\"auto, (max-width: 777px) 100vw, 777px\" \/><\/p>\n<p>&nbsp;<\/p>\n<p data-start=\"0\" data-end=\"216\">Desde el <span class=\"hover:entity-accent entity-underline inline cursor-pointer align-baseline\"><span class=\"whitespace-normal\">Ministerio de Sanidad<\/span><\/span> se ha puesto en marcha el <strong>Plan VEO,<\/strong> una iniciativa p\u00fablica pensada para cuidar la salud visual infantil y facilitar el acceso a soluciones \u00f3pticas para los m\u00e1s peque\u00f1os.<\/p>\n<p data-start=\"218\" data-end=\"359\">En <strong>\u00d3ptica Cremades<\/strong> somos centro colaborador del Plan VEO, por lo que podemos ayudarte a gestionar esta ayuda y asesorarte en todo el proceso.<\/p>\n<p>&nbsp;<\/p>\n<h3 data-start=\"361\" data-end=\"385\">\u00bfQu\u00e9 es el Plan VEO?<\/h3>\n<p data-start=\"386\" data-end=\"569\">El Plan VEO es una ayuda econ\u00f3mica de hasta 100 \u20ac al a\u00f1o por menor, destinada a cubrir parte de los gastos en correcci\u00f3n visual cuando exista prescripci\u00f3n de un profesional sanitario.<\/p>\n<p>&nbsp;<\/p>\n<h3 data-start=\"571\" data-end=\"599\">\u00bfQu\u00e9 incluye esta ayuda?<\/h3>\n<p data-start=\"600\" data-end=\"686\">La ayuda puede aplicarse tanto en una primera correcci\u00f3n como en renovaciones y cubre:<\/p>\n<p data-start=\"690\" data-end=\"734\">\u00b7 Gafas graduadas.<br data-start=\"708\" data-end=\"711\" \/>\u00b7 Lentes de contacto.<\/p>\n<p>&nbsp;<\/p>\n<h3 data-start=\"736\" data-end=\"766\">\u00bfQui\u00e9n puede beneficiarse?<\/h3>\n<p data-start=\"770\" data-end=\"942\">\u00b7 Ni\u00f1os y ni\u00f1as de hasta 16 a\u00f1os.<br data-start=\"803\" data-end=\"806\" \/>\u00b7 No depende del nivel de ingresos de la familia.<br data-start=\"855\" data-end=\"858\" \/>\u00b7 Es imprescindible contar con la prescripci\u00f3n de un profesional de la salud visual.<\/p>\n<p>&nbsp;<\/p>\n<h3 data-start=\"944\" data-end=\"978\">\u00bfQu\u00e9 deben hacer las familias?<\/h3>\n<p data-start=\"982\" data-end=\"1162\">\u00b7 Realizar una revisi\u00f3n visual del menor.<br data-start=\"1023\" data-end=\"1026\" \/>\u00b7 Obtener la prescripci\u00f3n en caso de necesitar correcci\u00f3n.<br data-start=\"1084\" data-end=\"1087\" \/>\u00b7 Consultar el procedimiento de tramitaci\u00f3n en la web oficial del Plan VEO.<\/p>\n<p>&nbsp;<\/p>\n<p data-start=\"1164\" data-end=\"1262\">Si quieres m\u00e1s informaci\u00f3n o resolver cualquier duda, puedes llamarnos y te ayudaremos encantados:<\/p>\n<p data-start=\"1266\" data-end=\"1355\">? Casinos: 962 700 274<br data-start=\"1289\" data-end=\"1292\" \/>? Chelva: 962 109 204<br data-start=\"1314\" data-end=\"1317\" \/>? Villar del Arzobispo: 620 329 603<\/p>\n<p>&nbsp;<\/p>\n<p data-start=\"1357\" data-end=\"1512\" data-is-last-node=\"\" data-is-only-node=\"\">Cuidar la salud visual de tus hijos es una inversi\u00f3n en su desarrollo, su aprendizaje y su bienestar. Estamos aqu\u00ed para acompa\u00f1arte en todo el proceso.<\/p>\n","protected":false},"excerpt":{"rendered":"<p>&nbsp; Desde el Ministerio de Sanidad se ha puesto en marcha el Plan VEO, una iniciativa p\u00fablica pensada para cuidar la salud visual infantil y facilitar el acceso a soluciones \u00f3pticas para los m\u00e1s peque\u00f1os. En \u00d3ptica Cremades somos centro colaborador del Plan VEO, por&#8230;<\/p>\n","protected":false},"author":9,"featured_media":0,"parent":0,"menu_order":0,"comment_status":"closed","ping_status":"closed","template":"","meta":{"_acf_changed":false,"footnotes":""},"class_list":["post-2221","page","type-page","status-publish","hentry"],"acf":[],"_links":{"self":[{"href":"https:\/\/opticacremades.com\/es\/wp-json\/wp\/v2\/pages\/2221","targetHints":{"allow":["GET"]}}],"collection":[{"href":"https:\/\/opticacremades.com\/es\/wp-json\/wp\/v2\/pages"}],"about":[{"href":"https:\/\/opticacremades.com\/es\/wp-json\/wp\/v2\/types\/page"}],"author":[{"embeddable":true,"href":"https:\/\/opticacremades.com\/es\/wp-json\/wp\/v2\/users\/9"}],"replies":[{"embeddable":true,"href":"https:\/\/opticacremades.com\/es\/wp-json\/wp\/v2\/comments?post=2221"}],"version-history":[{"count":6,"href":"https:\/\/opticacremades.com\/es\/wp-json\/wp\/v2\/pages\/2221\/revisions"}],"predecessor-version":[{"id":2230,"href":"https:\/\/opticacremades.com\/es\/wp-json\/wp\/v2\/pages\/2221\/revisions\/2230"}],"wp:attachment":[{"href":"https:\/\/opticacremades.com\/es\/wp-json\/wp\/v2\/media?parent=2221"}],"curies":[{"name":"wp","href":"https:\/\/api.w.org\/{rel}","templated":true}]}}